{"id":185489,"date":"2025-04-01T15:48:59","date_gmt":"2025-04-01T14:48:59","guid":{"rendered":"https:\/\/www.delrosaalamarillo.com\/primeras-marcas-moda-lujo\/producto\/les-mules-bisou\/"},"modified":"2025-08-13T17:21:01","modified_gmt":"2025-08-13T16:21:01","slug":"mules-bisou-jacquemus","status":"publish","type":"product","link":"https:\/\/www.delrosaalamarillo.com\/primeras-marcas-moda-lujo\/producto\/mules-bisou-jacquemus\/","title":{"rendered":"Mules Bisou"},"content":{"rendered":"","protected":false},"excerpt":{"rendered":"<p>Mule de tac\u00f3n geom\u00e9trico y piel lisa con logo grabado en la plantilla de Jacquemus (\u2018La Croisi\u00e8re\u2019 SS25)<\/p>\n<p>Composici\u00f3n: 100% Piel<\/p>\n<p>Altura del tac\u00f3n: 9cm<\/p>\n","protected":false},"featured_media":185519,"template":"","meta":{"om_disable_all_campaigns":false,"_exactmetrics_skip_tracking":false,"_exactmetrics_sitenote_active":false,"_exactmetrics_sitenote_note":"","_exactmetrics_sitenote_category":0,"_monsterinsights_skip_tracking":false,"_monsterinsights_sitenote_active":false,"_monsterinsights_sitenote_note":"","_monsterinsights_sitenote_category":0},"aioseo_notices":[],"yoast_head":"<!-- This site is optimized with the Yoast SEO plugin v21.8 - https:\/\/yoast.com\/wordpress\/plugins\/seo\/ -->\n<title>Mules Bisou JACQUEMUS - Del Rosa Al Amarillo - Tienda multimarca - Moda, Calzado y Complementos<\/title>\n<meta name=\"description\" content=\"Descubre la nueva colecci\u00f3n de Jacquemus: \u2018\u2019La Croisi\u00e8re\u2019\u2019 en Del Rosa Al Amarillo. Prendas, calzado y complementos exclusivamente para ti.\" \/>\n<meta name=\"robots\" content=\"index, follow, max-snippet:-1, max-image-preview:large, max-video-preview:-1\" \/>\n<link rel=\"canonical\" href=\"https:\/\/www.delrosaalamarillo.com\/primeras-marcas-moda-lujo\/producto\/mules-bisou-jacquemus\/\" \/>\n<meta property=\"og:locale\" content=\"es_ES\" \/>\n<meta property=\"og:type\" content=\"article\" \/>\n<meta property=\"og:title\" content=\"Mules Bisou JACQUEMUS - Del Rosa Al Amarillo - Tienda multimarca - Moda, Calzado y Complementos\" \/>\n<meta property=\"og:description\" content=\"Descubre la nueva colecci\u00f3n de Jacquemus: \u2018\u2019La Croisi\u00e8re\u2019\u2019 en Del Rosa Al Amarillo. Prendas, calzado y complementos exclusivamente para ti.\" \/>\n<meta property=\"og:url\" content=\"https:\/\/www.delrosaalamarillo.com\/primeras-marcas-moda-lujo\/producto\/mules-bisou-jacquemus\/\" \/>\n<meta property=\"og:site_name\" content=\"Del Rosa Al Amarillo - Tienda multimarca - Moda, Calzado y Complementos\" \/>\n<meta property=\"article:publisher\" content=\"https:\/\/www.facebook.com\/delrosaalamarillo\" \/>\n<meta property=\"article:modified_time\" content=\"2025-08-13T16:21:01+00:00\" \/>\n<meta property=\"og:image\" content=\"https:\/\/www.delrosaalamarillo.com\/primeras-marcas-moda-lujo\/wp-content\/uploads\/2025\/03\/27372443_57937293_2048-scaled.webp\" \/>\n\t<meta property=\"og:image:width\" content=\"1920\" \/>\n\t<meta property=\"og:image:height\" content=\"2560\" \/>\n\t<meta property=\"og:image:type\" content=\"image\/webp\" \/>\n<meta name=\"twitter:card\" content=\"summary_large_image\" \/>\n<meta name=\"twitter:label1\" content=\"Tiempo de lectura\" \/>\n\t<meta name=\"twitter:data1\" content=\"1 minuto\" \/>\n<script type=\"application\/ld+json\" class=\"yoast-schema-graph\">{\"@context\":\"https:\/\/schema.org\",\"@graph\":[{\"@type\":\"WebPage\",\"@id\":\"https:\/\/www.delrosaalamarillo.com\/primeras-marcas-moda-lujo\/producto\/mules-bisou-jacquemus\/\",\"url\":\"https:\/\/www.delrosaalamarillo.com\/primeras-marcas-moda-lujo\/producto\/mules-bisou-jacquemus\/\",\"name\":\"Mules Bisou JACQUEMUS - Del Rosa Al Amarillo - Tienda multimarca - Moda, Calzado y Complementos\",\"isPartOf\":{\"@id\":\"https:\/\/www.delrosaalamarillo.com\/primeras-marcas-moda-lujo\/#website\"},\"datePublished\":\"2025-04-01T14:48:59+00:00\",\"dateModified\":\"2025-08-13T16:21:01+00:00\",\"description\":\"Descubre la nueva colecci\u00f3n de Jacquemus: \u2018\u2019La Croisi\u00e8re\u2019\u2019 en Del Rosa Al Amarillo. Prendas, calzado y complementos exclusivamente para ti.\",\"breadcrumb\":{\"@id\":\"https:\/\/www.delrosaalamarillo.com\/primeras-marcas-moda-lujo\/producto\/mules-bisou-jacquemus\/#breadcrumb\"},\"inLanguage\":\"es\",\"potentialAction\":[{\"@type\":\"ReadAction\",\"target\":[\"https:\/\/www.delrosaalamarillo.com\/primeras-marcas-moda-lujo\/producto\/mules-bisou-jacquemus\/\"]}]},{\"@type\":\"BreadcrumbList\",\"@id\":\"https:\/\/www.delrosaalamarillo.com\/primeras-marcas-moda-lujo\/producto\/mules-bisou-jacquemus\/#breadcrumb\",\"itemListElement\":[{\"@type\":\"ListItem\",\"position\":1,\"name\":\"Portada\",\"item\":\"https:\/\/www.delrosaalamarillo.com\/primeras-marcas-moda-lujo\/\"},{\"@type\":\"ListItem\",\"position\":2,\"name\":\"Tienda\",\"item\":\"https:\/\/www.delrosaalamarillo.com\/primeras-marcas-moda-lujo\/tienda\/\"},{\"@type\":\"ListItem\",\"position\":3,\"name\":\"Mules Bisou\"}]},{\"@type\":\"WebSite\",\"@id\":\"https:\/\/www.delrosaalamarillo.com\/primeras-marcas-moda-lujo\/#website\",\"url\":\"https:\/\/www.delrosaalamarillo.com\/primeras-marcas-moda-lujo\/\",\"name\":\"Del Rosa Al Amarillo - Tienda multimarca - Moda, Calzado y Complementos\",\"description\":\"Del Rosa al Amarillo es una boutique de firmas internacionales de lujo donde podr\u00e1s encontrar una cuidada y seleccionada colecci\u00f3n de art\u00edculos de firmas como Balenciaga, Prada, Stella McCartney o Isabel Marant. Vis\u00edtanos online o en nuestra tienda multimarca en Santander. Balenciaga - Stella McCartney - Prada- Alexander Wang - Isabel Marant \u2013 Balmain - Jacquemus- Giuseppe Zanotti - Ganni- Aquazzura - J Brand - Faliero Sarti - Lebor Gabala - Forte_Forte - Moncler - Victoria Beckham - Linda Farrow - Lebor Gabala - T by Alexander Wang - DVF - Giuseppe Zanotti  - Aquazzura \u2013 IRO - J Brand - Isabel Marant \u00c9toile - See by Chlo\u00e9 - Moncler - Zimmermann \u2013 Golden Goose \u2013 Vince \u2013 Mother Denim \u2013 Versace \u2013 Anine Bing\",\"publisher\":{\"@id\":\"https:\/\/www.delrosaalamarillo.com\/primeras-marcas-moda-lujo\/#organization\"},\"potentialAction\":[{\"@type\":\"SearchAction\",\"target\":{\"@type\":\"EntryPoint\",\"urlTemplate\":\"https:\/\/www.delrosaalamarillo.com\/primeras-marcas-moda-lujo\/?s={search_term_string}\"},\"query-input\":\"required name=search_term_string\"}],\"inLanguage\":\"es\"},{\"@type\":\"Organization\",\"@id\":\"https:\/\/www.delrosaalamarillo.com\/primeras-marcas-moda-lujo\/#organization\",\"name\":\"Del Rosa al Amarillo\",\"url\":\"https:\/\/www.delrosaalamarillo.com\/primeras-marcas-moda-lujo\/\",\"logo\":{\"@type\":\"ImageObject\",\"inLanguage\":\"es\",\"@id\":\"https:\/\/www.delrosaalamarillo.com\/primeras-marcas-moda-lujo\/#\/schema\/logo\/image\/\",\"url\":\"https:\/\/www.delrosaalamarillo.com\/primeras-marcas-moda-lujo\/wp-content\/uploads\/2016\/10\/DRAA_LOGO-CUADRADO-512x512-150x150-1.png\",\"contentUrl\":\"https:\/\/www.delrosaalamarillo.com\/primeras-marcas-moda-lujo\/wp-content\/uploads\/2016\/10\/DRAA_LOGO-CUADRADO-512x512-150x150-1.png\",\"width\":150,\"height\":150,\"caption\":\"Del Rosa al Amarillo\"},\"image\":{\"@id\":\"https:\/\/www.delrosaalamarillo.com\/primeras-marcas-moda-lujo\/#\/schema\/logo\/image\/\"},\"sameAs\":[\"https:\/\/www.facebook.com\/delrosaalamarillo\",\"https:\/\/www.instagram.com\/delrosaalamarilloshop\/\",\"https:\/\/es.pinterest.com\/rosaalamarillo\/\"]}]}<\/script>\n<!-- \/ Yoast SEO plugin. -->","yoast_head_json":{"title":"Mules Bisou JACQUEMUS - Del Rosa Al Amarillo - Tienda multimarca - Moda, Calzado y Complementos","description":"Descubre la nueva colecci\u00f3n de Jacquemus: \u2018\u2019La Croisi\u00e8re\u2019\u2019 en Del Rosa Al Amarillo. Prendas, calzado y complementos exclusivamente para ti.","robots":{"index":"index","follow":"follow","max-snippet":"max-snippet:-1","max-image-preview":"max-image-preview:large","max-video-preview":"max-video-preview:-1"},"canonical":"https:\/\/www.delrosaalamarillo.com\/primeras-marcas-moda-lujo\/producto\/mules-bisou-jacquemus\/","og_locale":"es_ES","og_type":"article","og_title":"Mules Bisou JACQUEMUS - Del Rosa Al Amarillo - Tienda multimarca - Moda, Calzado y Complementos","og_description":"Descubre la nueva colecci\u00f3n de Jacquemus: \u2018\u2019La Croisi\u00e8re\u2019\u2019 en Del Rosa Al Amarillo. Prendas, calzado y complementos exclusivamente para ti.","og_url":"https:\/\/www.delrosaalamarillo.com\/primeras-marcas-moda-lujo\/producto\/mules-bisou-jacquemus\/","og_site_name":"Del Rosa Al Amarillo - Tienda multimarca - Moda, Calzado y Complementos","article_publisher":"https:\/\/www.facebook.com\/delrosaalamarillo","article_modified_time":"2025-08-13T16:21:01+00:00","og_image":[{"width":1920,"height":2560,"url":"https:\/\/www.delrosaalamarillo.com\/primeras-marcas-moda-lujo\/wp-content\/uploads\/2025\/03\/27372443_57937293_2048-scaled.webp","type":"image\/webp"}],"twitter_card":"summary_large_image","twitter_misc":{"Tiempo de lectura":"1 minuto"},"schema":{"@context":"https:\/\/schema.org","@graph":[{"@type":"WebPage","@id":"https:\/\/www.delrosaalamarillo.com\/primeras-marcas-moda-lujo\/producto\/mules-bisou-jacquemus\/","url":"https:\/\/www.delrosaalamarillo.com\/primeras-marcas-moda-lujo\/producto\/mules-bisou-jacquemus\/","name":"Mules Bisou JACQUEMUS - Del Rosa Al Amarillo - Tienda multimarca - Moda, Calzado y Complementos","isPartOf":{"@id":"https:\/\/www.delrosaalamarillo.com\/primeras-marcas-moda-lujo\/#website"},"datePublished":"2025-04-01T14:48:59+00:00","dateModified":"2025-08-13T16:21:01+00:00","description":"Descubre la nueva colecci\u00f3n de Jacquemus: \u2018\u2019La Croisi\u00e8re\u2019\u2019 en Del Rosa Al Amarillo. Prendas, calzado y complementos exclusivamente para ti.","breadcrumb":{"@id":"https:\/\/www.delrosaalamarillo.com\/primeras-marcas-moda-lujo\/producto\/mules-bisou-jacquemus\/#breadcrumb"},"inLanguage":"es","potentialAction":[{"@type":"ReadAction","target":["https:\/\/www.delrosaalamarillo.com\/primeras-marcas-moda-lujo\/producto\/mules-bisou-jacquemus\/"]}]},{"@type":"BreadcrumbList","@id":"https:\/\/www.delrosaalamarillo.com\/primeras-marcas-moda-lujo\/producto\/mules-bisou-jacquemus\/#breadcrumb","itemListElement":[{"@type":"ListItem","position":1,"name":"Portada","item":"https:\/\/www.delrosaalamarillo.com\/primeras-marcas-moda-lujo\/"},{"@type":"ListItem","position":2,"name":"Tienda","item":"https:\/\/www.delrosaalamarillo.com\/primeras-marcas-moda-lujo\/tienda\/"},{"@type":"ListItem","position":3,"name":"Mules Bisou"}]},{"@type":"WebSite","@id":"https:\/\/www.delrosaalamarillo.com\/primeras-marcas-moda-lujo\/#website","url":"https:\/\/www.delrosaalamarillo.com\/primeras-marcas-moda-lujo\/","name":"Del Rosa Al Amarillo - Tienda multimarca - Moda, Calzado y Complementos","description":"Del Rosa al Amarillo es una boutique de firmas internacionales de lujo donde podr\u00e1s encontrar una cuidada y seleccionada colecci\u00f3n de art\u00edculos de firmas como Balenciaga, Prada, Stella McCartney o Isabel Marant. Vis\u00edtanos online o en nuestra tienda multimarca en Santander. Balenciaga - Stella McCartney - Prada- Alexander Wang - Isabel Marant \u2013 Balmain - Jacquemus- Giuseppe Zanotti - Ganni- Aquazzura - J Brand - Faliero Sarti - Lebor Gabala - Forte_Forte - Moncler - Victoria Beckham - Linda Farrow - Lebor Gabala - T by Alexander Wang - DVF - Giuseppe Zanotti  - Aquazzura \u2013 IRO - J Brand - Isabel Marant \u00c9toile - See by Chlo\u00e9 - Moncler - Zimmermann \u2013 Golden Goose \u2013 Vince \u2013 Mother Denim \u2013 Versace \u2013 Anine Bing","publisher":{"@id":"https:\/\/www.delrosaalamarillo.com\/primeras-marcas-moda-lujo\/#organization"},"potentialAction":[{"@type":"SearchAction","target":{"@type":"EntryPoint","urlTemplate":"https:\/\/www.delrosaalamarillo.com\/primeras-marcas-moda-lujo\/?s={search_term_string}"},"query-input":"required name=search_term_string"}],"inLanguage":"es"},{"@type":"Organization","@id":"https:\/\/www.delrosaalamarillo.com\/primeras-marcas-moda-lujo\/#organization","name":"Del Rosa al Amarillo","url":"https:\/\/www.delrosaalamarillo.com\/primeras-marcas-moda-lujo\/","logo":{"@type":"ImageObject","inLanguage":"es","@id":"https:\/\/www.delrosaalamarillo.com\/primeras-marcas-moda-lujo\/#\/schema\/logo\/image\/","url":"https:\/\/www.delrosaalamarillo.com\/primeras-marcas-moda-lujo\/wp-content\/uploads\/2016\/10\/DRAA_LOGO-CUADRADO-512x512-150x150-1.png","contentUrl":"https:\/\/www.delrosaalamarillo.com\/primeras-marcas-moda-lujo\/wp-content\/uploads\/2016\/10\/DRAA_LOGO-CUADRADO-512x512-150x150-1.png","width":150,"height":150,"caption":"Del Rosa al Amarillo"},"image":{"@id":"https:\/\/www.delrosaalamarillo.com\/primeras-marcas-moda-lujo\/#\/schema\/logo\/image\/"},"sameAs":["https:\/\/www.facebook.com\/delrosaalamarillo","https:\/\/www.instagram.com\/delrosaalamarilloshop\/","https:\/\/es.pinterest.com\/rosaalamarillo\/"]}]}},"_links":{"self":[{"href":"https:\/\/www.delrosaalamarillo.com\/primeras-marcas-moda-lujo\/wp-json\/wp\/v2\/product\/185489"}],"collection":[{"href":"https:\/\/www.delrosaalamarillo.com\/primeras-marcas-moda-lujo\/wp-json\/wp\/v2\/product"}],"about":[{"href":"https:\/\/www.delrosaalamarillo.com\/primeras-marcas-moda-lujo\/wp-json\/wp\/v2\/types\/product"}],"wp:featuredmedia":[{"embeddable":true,"href":"https:\/\/www.delrosaalamarillo.com\/primeras-marcas-moda-lujo\/wp-json\/wp\/v2\/media\/185519"}],"wp:attachment":[{"href":"https:\/\/www.delrosaalamarillo.com\/primeras-marcas-moda-lujo\/wp-json\/wp\/v2\/media?parent=185489"}],"curies":[{"name":"wp","href":"https:\/\/api.w.org\/{rel}","templated":true}]}}